{"id":27,"date":"2026-01-24T16:18:07","date_gmt":"2026-01-24T16:18:07","guid":{"rendered":"https:\/\/nohu6666.com\/?page_id=27"},"modified":"2026-01-25T07:08:57","modified_gmt":"2026-01-25T07:08:57","slug":"trang-chu","status":"publish","type":"page","link":"https:\/\/nohu6666.com\/","title":{"rendered":"Trang ch\u1ee7"},"content":{"rendered":"<div class=\"row row-collapse row-full-width\"  id=\"row-1974470493\">\n\n\t<div id=\"col-2023306248\" class=\"col medium-4 large-4\"  >\n\t\t\t\t<div class=\"col-inner\"  >\n\t\t\t\n\t\t\t\n\t<div class=\"img has-hover x md-x lg-x y md-y lg-y\" id=\"image_16319166\">\n\t\t<a class=\"\" href=\"https:\/\/nohu6666.com\/qc\/1\" target=\"_blank\" rel=\"noopener\" >\t\t\t\t\t\t<div class=\"img-inner dark\" >\n\t\t\t<img loading=\"lazy\" decoding=\"async\" width=\"680\" height=\"300\" src=\"https:\/\/nohu6666.com\/wp-content\/uploads\/2026\/01\/nohu-napd.png\" class=\"attachment-original size-original\" alt=\"nohu666\" srcset=\"https:\/\/nohu6666.com\/wp-content\/uploads\/2026\/01\/nohu-napd.png 680w, https:\/\/nohu6666.com\/wp-content\/uploads\/2026\/01\/nohu-napd-300x132.png 300w\" sizes=\"auto, (max-width: 680px) 100vw, 680px\" \/>\t\t\t\t\t\t\n\t\t\t\t\t<\/div>\n\t\t\t\t\t\t<\/a>\t\t\n<style>\n#image_16319166 {\n  width: 100%;\n}\n<\/style>\n\t<\/div>\n\t\n\t\t<\/div>\n\t\t\t\t\t<\/div>\n\n\t\n\n\t<div id=\"col-1527438157\" class=\"col medium-4 large-4\"  >\n\t\t\t\t<div class=\"col-inner\"  >\n\t\t\t\n\t\t\t\n\t<div class=\"img has-hover x md-x lg-x y md-y lg-y\" id=\"image_824372604\">\n\t\t<a class=\"\" href=\"https:\/\/nohu6666.com\/qc\/1\" target=\"_blank\" rel=\"noopener\" >\t\t\t\t\t\t<div class=\"img-inner dark\" >\n\t\t\t<img loading=\"lazy\" decoding=\"async\" width=\"544\" height=\"240\" src=\"https:\/\/nohu6666.com\/wp-content\/uploads\/2026\/01\/NOHU-duatop.gif\" class=\"attachment-original size-original\" alt=\"nohu666\" \/>\t\t\t\t\t\t\n\t\t\t\t\t<\/div>\n\t\t\t\t\t\t<\/a>\t\t\n<style>\n#image_824372604 {\n  width: 100%;\n}\n<\/style>\n\t<\/div>\n\t\n\t\t<\/div>\n\t\t\t\t\t<\/div>\n\n\t\n\n\t<div id=\"col-171199168\" class=\"col medium-4 large-4\"  >\n\t\t\t\t<div class=\"col-inner\"  >\n\t\t\t\n\t\t\t\n\t<div class=\"img has-hover x md-x lg-x y md-y lg-y\" id=\"image_738841833\">\n\t\t<a class=\"\" href=\"https:\/\/nohu6666.com\/qc\/1\" target=\"_blank\" rel=\"noopener\" >\t\t\t\t\t\t<div class=\"img-inner dark\" >\n\t\t\t<img loading=\"lazy\" decoding=\"async\" width=\"680\" height=\"300\" src=\"https:\/\/nohu6666.com\/wp-content\/uploads\/2026\/01\/nohu-vip.png\" class=\"attachment-original size-original\" alt=\"\" srcset=\"https:\/\/nohu6666.com\/wp-content\/uploads\/2026\/01\/nohu-vip.png 680w, https:\/\/nohu6666.com\/wp-content\/uploads\/2026\/01\/nohu-vip-300x132.png 300w\" sizes=\"auto, (max-width: 680px) 100vw, 680px\" \/>\t\t\t\t\t\t\n\t\t\t\t\t<\/div>\n\t\t\t\t\t\t<\/a>\t\t\n<style>\n#image_738841833 {\n  width: 100%;\n}\n<\/style>\n\t<\/div>\n\t\n\t\t<\/div>\n\t\t\t\t\t<\/div>\n\n\t\n<\/div>\n<div class=\"row\"  id=\"row-1068116421\">\n\n\t<div id=\"col-2080668492\" class=\"col small-12 large-12\"  >\n\t\t\t\t<div class=\"col-inner\"  >\n\t\t\t\n\t\t\t\n<div class=\"row\"  id=\"row-1825412093\">\n\n\t<div id=\"col-880738413\" class=\"col medium-3 small-6 large-3\"  >\n\t\t\t\t<div class=\"col-inner\"  >\n\t\t\t\n\t\t\t\n\t<div class=\"img has-hover x md-x lg-x y md-y lg-y\" id=\"image_450166714\">\n\t\t<a class=\"\" href=\"https:\/\/nohu6666.com\/qc\/1\" target=\"_blank\" rel=\"noopener\" >\t\t\t\t\t\t<div class=\"img-inner image-zoom dark\" >\n\t\t\t<img loading=\"lazy\" decoding=\"async\" width=\"450\" height=\"280\" src=\"https:\/\/nohu6666.com\/wp-content\/uploads\/2026\/01\/banner-thuong-hieu-uy-tin.webp\" class=\"attachment-original size-original\" alt=\"NOHU666\" srcset=\"https:\/\/nohu6666.com\/wp-content\/uploads\/2026\/01\/banner-thuong-hieu-uy-tin.webp 450w, https:\/\/nohu6666.com\/wp-content\/uploads\/2026\/01\/banner-thuong-hieu-uy-tin-300x187.webp 300w\" sizes=\"auto, (max-width: 450px) 100vw, 450px\" \/>\t\t\t\t\t\t\n\t\t\t\t\t<\/div>\n\t\t\t\t\t\t<\/a>\t\t\n<style>\n#image_450166714 {\n  width: 100%;\n}\n<\/style>\n\t<\/div>\n\t\n\t\t<\/div>\n\t\t\t\t\t<\/div>\n\n\t\n\n\t<div id=\"col-415412600\" class=\"col medium-3 small-6 large-3\"  >\n\t\t\t\t<div class=\"col-inner\"  >\n\t\t\t\n\t\t\t\n\t<div class=\"img has-hover x md-x lg-x y md-y lg-y\" id=\"image_882958650\">\n\t\t<a class=\"\" href=\"https:\/\/nohu6666.com\/qc\/1\" target=\"_blank\" rel=\"noopener\" >\t\t\t\t\t\t<div class=\"img-inner image-zoom dark\" >\n\t\t\t<img loading=\"lazy\" decoding=\"async\" width=\"450\" height=\"280\" src=\"https:\/\/nohu6666.com\/wp-content\/uploads\/2026\/01\/banner-da-dang-tro-choi.webp\" class=\"attachment-original size-original\" alt=\"NOHU666\" srcset=\"https:\/\/nohu6666.com\/wp-content\/uploads\/2026\/01\/banner-da-dang-tro-choi.webp 450w, https:\/\/nohu6666.com\/wp-content\/uploads\/2026\/01\/banner-da-dang-tro-choi-300x187.webp 300w\" sizes=\"auto, (max-width: 450px) 100vw, 450px\" \/>\t\t\t\t\t\t\n\t\t\t\t\t<\/div>\n\t\t\t\t\t\t<\/a>\t\t\n<style>\n#image_882958650 {\n  width: 100%;\n}\n<\/style>\n\t<\/div>\n\t\n\t\t<\/div>\n\t\t\t\t\t<\/div>\n\n\t\n\n\t<div id=\"col-1164824961\" class=\"col medium-3 small-6 large-3\"  >\n\t\t\t\t<div class=\"col-inner\"  >\n\t\t\t\n\t\t\t\n\t<div class=\"img has-hover x md-x lg-x y md-y lg-y\" id=\"image_239297234\">\n\t\t<a class=\"\" href=\"https:\/\/nohu6666.com\/qc\/1\" target=\"_blank\" rel=\"noopener\" >\t\t\t\t\t\t<div class=\"img-inner image-zoom dark\" >\n\t\t\t<img loading=\"lazy\" decoding=\"async\" width=\"450\" height=\"280\" src=\"https:\/\/nohu6666.com\/wp-content\/uploads\/2026\/01\/banner-an-toan-bao-mat.webp\" class=\"attachment-original size-original\" alt=\"\" srcset=\"https:\/\/nohu6666.com\/wp-content\/uploads\/2026\/01\/banner-an-toan-bao-mat.webp 450w, https:\/\/nohu6666.com\/wp-content\/uploads\/2026\/01\/banner-an-toan-bao-mat-300x187.webp 300w\" sizes=\"auto, (max-width: 450px) 100vw, 450px\" \/>\t\t\t\t\t\t\n\t\t\t\t\t<\/div>\n\t\t\t\t\t\t<\/a>\t\t\n<style>\n#image_239297234 {\n  width: 100%;\n}\n<\/style>\n\t<\/div>\n\t\n\t\t<\/div>\n\t\t\t\t\t<\/div>\n\n\t\n\n\t<div id=\"col-799761934\" class=\"col medium-3 small-6 large-3\"  >\n\t\t\t\t<div class=\"col-inner\"  >\n\t\t\t\n\t\t\t\n\t<div class=\"img has-hover x md-x lg-x y md-y lg-y\" id=\"image_1529422262\">\n\t\t<a class=\"\" href=\"https:\/\/nohu6666.com\/qc\/1\" target=\"_blank\" rel=\"noopener\" >\t\t\t\t\t\t<div class=\"img-inner image-zoom dark\" >\n\t\t\t<img loading=\"lazy\" decoding=\"async\" width=\"450\" height=\"280\" src=\"https:\/\/nohu6666.com\/wp-content\/uploads\/2026\/01\/banner-giao-dich-than-toc.webp\" class=\"attachment-original size-original\" alt=\"NOHU666\" srcset=\"https:\/\/nohu6666.com\/wp-content\/uploads\/2026\/01\/banner-giao-dich-than-toc.webp 450w, https:\/\/nohu6666.com\/wp-content\/uploads\/2026\/01\/banner-giao-dich-than-toc-300x187.webp 300w\" sizes=\"auto, (max-width: 450px) 100vw, 450px\" \/>\t\t\t\t\t\t\n\t\t\t\t\t<\/div>\n\t\t\t\t\t\t<\/a>\t\t\n<style>\n#image_1529422262 {\n  width: 100%;\n}\n<\/style>\n\t<\/div>\n\t\n\t\t<\/div>\n\t\t\t\t\t<\/div>\n\n\t\n<\/div>\n\t<div id=\"text-2650362767\" class=\"text\">\n\t\t\n<h1 style=\"text-align: center;\"><span style=\"font-family: verdana, geneva, sans-serif; color: #ff9900;\">nohu6666 | <a style=\"color: #ff9900;\" href=\"https:\/\/nohu666.com\/\" target=\"_blank\" rel=\"noopener\">Nohu666<\/a>.com &#8211; Trung t\u00e2m Truy c\u1eadp Nohu99<\/span><\/h1>\n<p><span style=\"font-family: verdana, geneva, sans-serif;\">NOHU6666 \u2013 Ch\u00e0o m\u1eebng b\u1ea1n \u0111\u1ebfn v\u1edbi NOHU666.com \u2013 s\u00e2n ch\u01a1i gi\u1ea3i tr\u00ed \u0111\u1ed5i th\u01b0\u1edfng h\u00e0ng \u0111\u1ea7u d\u00e0nh cho ng\u01b0\u1eddi ch\u01a1i Vi\u1ec7t Nam. T\u1ea1i \u0111\u00e2y, b\u1ea1n c\u00f3 th\u1ec3 t\u1ea3i app NOHU, \u0111\u0103ng nh\u1eadp nhanh ch\u00f3ng, tham gia c\u00e1c tr\u00f2 ch\u01a1i si\u00eau hot: casino tr\u1ef1c tuy\u1ebfn, slot, b\u1eafn c\u00e1, v\u00e0 c\u00e1 c\u01b0\u1ee3c th\u1ec3 thao ch\u1ec9 trong v\u00f2ng v\u00e0i thao t\u00e1c.<\/span><\/p>\n<p><span style=\"font-family: verdana, geneva, sans-serif;\">Link Truy C\u1eadp Nh\u00e0 C\u00e1i Ch\u00ednh Th\u1ee9c T\u1ea1i: <span style=\"color: #ff9900;\"><a style=\"color: #ff9900;\" href=\"https:\/\/nohu6666.com\/\"><strong>https:\/\/nohu6666.com\/<\/strong><\/a><\/span><\/span><\/p>\n<div id=\"row-1125201850\" class=\"row\">\n<div id=\"col-1980098541\" class=\"col small-12 large-12\">\n<div class=\"col-inner\">\n<div id=\"text-3007811264\" class=\"text\">\n<h2 data-start=\"1104\" data-end=\"1154\"><span style=\"font-family: verdana, geneva, sans-serif; color: #ff9900;\"><strong>NOHU6666 c\u00f3 g\u00ec khi\u1ebfn ng\u01b0\u1eddi ch\u01a1i ch\u00fa \u00fd?<\/strong><\/span><\/h2>\n<p data-start=\"1156\" data-end=\"1553\"><span style=\"font-family: verdana, geneva, sans-serif;\">NOHU666.com \u0111\u01b0\u1ee3c \u0111\u00e1nh gi\u00e1 l\u00e0 thi\u00ean \u0111\u01b0\u1eddng gi\u1ea3i tr\u00ed tr\u1ef1c tuy\u1ebfn t\u1ed1t nh\u1ea5t hi\u1ec7n nay, c\u1ed5ng game v\u1eabn ghi d\u1ea5u \u1ea5n nh\u1edd tr\u1ea3i nghi\u1ec7m ng\u01b0\u1eddi ch\u01a1i \u1ea5n t\u01b0\u1ee3ng v\u00e0 h\u1ec7 th\u1ed1ng linh ho\u1ea1t. C\u00f9ng \u0111i\u1ec3m qua lo\u1ea1t \u01b0u \u0111i\u1ec3m \u0111ang gi\u00fap n\u1ec1n t\u1ea3ng n\u00e0y chinh ph\u1ee5c th\u1ecb tr\u01b0\u1eddng:<\/span><\/p>\n<h3><span style=\"font-family: verdana, geneva, sans-serif; color: #ff9900;\"><strong>Giao Di\u1ec7n \u0110\u01b0\u1ee3c T\u1ed1i \u01afu H\u00f3a<\/strong><\/span><\/h3>\n<p><span style=\"font-family: verdana, geneva, sans-serif;\"><b>NOHU666 <\/b>ch\u00fa tr\u1ecdng \u0111\u1ea7u t\u01b0 v\u00e0o thi\u1ebft k\u1ebf giao di\u1ec7n sinh \u0111\u1ed9ng hi\u1ec7n \u0111\u1ea1i th\u00e2n thi\u1ec7n v\u00e0 d\u1ec5 \u0111i\u1ec1u h\u01b0\u1edbng, \u00e2m thanh ch\u00e2n th\u1ef1c nh\u1eb1m m\u00f4 ph\u1ecfng kh\u00f4ng kh\u00ed c\u1ee7a c\u00e1c s\u00e2n ch\u01a1i n\u01b0\u1edbc ngo\u00e0i. B\u1ed1 c\u1ee5c g\u1ecdn g\u1eb1ng v\u00e0 \u0111\u01b0\u1ee3c x\u00e2y d\u1ef1ng d\u1ef1a tr\u00ean nghi\u00ean c\u1ee9u th\u00f3i quen c\u1ee7a game th\u1ee7 Vi\u1ec7t, gi\u00fap ng\u01b0\u1eddi d\u00f9ng truy c\u1eadp nhanh c\u00e1c ch\u1ee9c n\u0103ng quan tr\u1ecdng nh\u01b0: t\u1ea1o t\u00e0i kho\u1ea3n, \u0111\u0103ng nh\u1eadp, qu\u1ea3n l\u00fd v\u00ed, live chat, \u01b0u \u0111\u00e3i h\u1ed9i vi\u00ean v\u00e0 li\u00ean k\u1ebft t\u1ea3i app.<\/span><\/p>\n<p><span style=\"font-family: verdana, geneva, sans-serif;\">C\u00e1c \u0111\u1ed1i t\u00e1c ph\u00e1t tri\u1ec3n game h\u1ee3p t\u00e1c c\u00f9ng fly88 \u0111\u1ec1u l\u00e0 nh\u1eefng th\u01b0\u01a1ng hi\u1ec7u uy t\u00edn, \u0111\u1ea3m b\u1ea3o s\u1ea3n ph\u1ea9m v\u1eadn h\u00e0nh \u1ed5n \u0111\u1ecbnh v\u00e0 ch\u1ea5t l\u01b0\u1ee3ng.<\/span><\/p>\n<h3><span style=\"font-family: verdana, geneva, sans-serif; color: #ff9900;\"><strong>B\u1ea3o M\u1eadt \u0110a T\u1ea7ng, B\u1ea3o V\u1ec7 Quy\u1ec1n Ri\u00eang T\u01b0 Tuy\u1ec7t \u0110\u1ed1i<\/strong><\/span><\/h3>\n<p><span style=\"font-family: verdana, geneva, sans-serif;\">Ngay khi ti\u1ebfp nh\u1eadn d\u1eef li\u1ec7u, s\u00e2n ch\u01a1i k\u00edch ho\u1ea1t h\u1ec7 th\u1ed1ng m\u00e3 h\u00f3a SSL 128-bit k\u1ebft h\u1ee3p x\u00e1c th\u1ef1c OTP v\u00e0 l\u1edbp t\u01b0\u1eddng l\u1eeda ba l\u1edbp ch\u1ed1ng x\u00e2m nh\u1eadp. To\u00e0n b\u1ed9 th\u00f4ng tin ng\u01b0\u1eddi d\u00f9ng \u0111\u01b0\u1ee3c l\u01b0u tr\u1eef theo chu\u1ea9n qu\u1ed1c t\u1ebf, \u0111\u1ea3m b\u1ea3o kh\u00f4ng b\u1ecb r\u00f2 r\u1ec9 ra b\u00ean ngo\u00e0i ho\u1eb7c b\u00ean th\u1ee9 ba \u2013 \u0111i\u1ec1u \u0111\u01b0\u1ee3c cam k\u1ebft r\u00f5 trong \u0111i\u1ec1u kho\u1ea3n b\u1ea3o m\u1eadt.<\/span><\/p>\n<h3 data-start=\"3531\" data-end=\"3560\"><span style=\"font-family: verdana, geneva, sans-serif; color: #ff9900;\"><strong>Danh m\u1ee5c tr\u00f2 ch\u01a1i t\u1ea1i NOHU6666<\/strong><\/span><\/h3>\n<\/div>\n<\/div>\n<\/div>\n<\/div>\n\t\t\n<style>\n#text-2650362767 {\n  color: rgb(255,255,255);\n}\n#text-2650362767 > * {\n  color: rgb(255,255,255);\n}\n<\/style>\n\t<\/div>\n\t\n<div class=\"row row-dashed\"  id=\"row-132708622\">\n\n\t<div id=\"col-1599417584\" class=\"col medium-4 small-12 large-4\"  >\n\t\t\t\t<div class=\"col-inner text-center\"  >\n\t\t\t\n\t\t\t\n\t<div class=\"img has-hover x md-x lg-x y md-y lg-y\" id=\"image_1339018103\">\n\t\t<a class=\"\" href=\"https:\/\/nohu6666.com\/qc\/2\" target=\"_blank\" rel=\"noopener\">\t\t\t\t\t\t<div class=\"img-inner image-zoom dark\" >\n\t\t\t<img loading=\"lazy\" decoding=\"async\" width=\"235\" height=\"300\" src=\"https:\/\/nohu6666.com\/wp-content\/uploads\/2026\/01\/imgi_5_casino-rr99.webp\" class=\"attachment-original size-original\" alt=\"nohu666\" \/>\t\t\t\t\t\t\n\t\t\t\t\t<\/div>\n\t\t\t\t\t\t<\/a>\t\t\n<style>\n#image_1339018103 {\n  width: 65%;\n}\n<\/style>\n\t<\/div>\n\t\n\t\t<\/div>\n\t\t\t\t\t<\/div>\n\n\t\n\n\t<div id=\"col-1682421095\" class=\"col medium-4 small-12 large-4\"  >\n\t\t\t\t<div class=\"col-inner text-center\"  >\n\t\t\t\n\t\t\t\n\t<div class=\"img has-hover x md-x lg-x y md-y lg-y\" id=\"image_585812736\">\n\t\t<a class=\"\" href=\"https:\/\/nohu6666.com\/qc\/2\" target=\"_blank\" rel=\"noopener\">\t\t\t\t\t\t<div class=\"img-inner image-zoom dark\" >\n\t\t\t<img loading=\"lazy\" decoding=\"async\" width=\"235\" height=\"300\" src=\"https:\/\/nohu6666.com\/wp-content\/uploads\/2026\/01\/imgi_7_no-hu-rr99.webp\" class=\"attachment-original size-original\" alt=\"nohu666\" \/>\t\t\t\t\t\t\n\t\t\t\t\t<\/div>\n\t\t\t\t\t\t<\/a>\t\t\n<style>\n#image_585812736 {\n  width: 65%;\n}\n<\/style>\n\t<\/div>\n\t\n\t\t<\/div>\n\t\t\t\t\t<\/div>\n\n\t\n\n\t<div id=\"col-975356218\" class=\"col medium-4 small-12 large-4\"  >\n\t\t\t\t<div class=\"col-inner text-center\"  >\n\t\t\t\n\t\t\t\n\t<div class=\"img has-hover x md-x lg-x y md-y lg-y\" id=\"image_1163243150\">\n\t\t<a class=\"\" href=\"https:\/\/nohu6666.com\/qc\/2\" target=\"_blank\" rel=\"noopener\">\t\t\t\t\t\t<div class=\"img-inner image-zoom dark\" >\n\t\t\t<img loading=\"lazy\" decoding=\"async\" width=\"235\" height=\"300\" src=\"https:\/\/nohu6666.com\/wp-content\/uploads\/2026\/01\/imgi_8_the-thao-rr99.webp\" class=\"attachment-original size-original\" alt=\"nohu666\" \/>\t\t\t\t\t\t\n\t\t\t\t\t<\/div>\n\t\t\t\t\t\t<\/a>\t\t\n<style>\n#image_1163243150 {\n  width: 65%;\n}\n<\/style>\n\t<\/div>\n\t\n\t\t<\/div>\n\t\t\t\t\t<\/div>\n\n\t\n\n\t<div id=\"col-1798494290\" class=\"col medium-4 small-12 large-4\"  >\n\t\t\t\t<div class=\"col-inner text-center\"  >\n\t\t\t\n\t\t\t\n\t<div class=\"img has-hover x md-x lg-x y md-y lg-y\" id=\"image_1723454613\">\n\t\t<a class=\"\" href=\"https:\/\/nohu6666.com\/qc\/2\" target=\"_blank\" rel=\"noopener\">\t\t\t\t\t\t<div class=\"img-inner image-zoom dark\" >\n\t\t\t<img loading=\"lazy\" decoding=\"async\" width=\"235\" height=\"300\" src=\"https:\/\/nohu6666.com\/wp-content\/uploads\/2026\/01\/imgi_6_ban-ca-rr99.webp\" class=\"attachment-original size-original\" alt=\"nohu666\" \/>\t\t\t\t\t\t\n\t\t\t\t\t<\/div>\n\t\t\t\t\t\t<\/a>\t\t\n<style>\n#image_1723454613 {\n  width: 65%;\n}\n<\/style>\n\t<\/div>\n\t\n\t\t<\/div>\n\t\t\t\t\t<\/div>\n\n\t\n\n\t<div id=\"col-2002802301\" class=\"col medium-4 small-12 large-4\"  >\n\t\t\t\t<div class=\"col-inner text-center\"  >\n\t\t\t\n\t\t\t\n\t<div class=\"img has-hover x md-x lg-x y md-y lg-y\" id=\"image_425819202\">\n\t\t<a class=\"\" href=\"https:\/\/nohu6666.com\/qc\/2\" target=\"_blank\" rel=\"noopener\">\t\t\t\t\t\t<div class=\"img-inner image-zoom dark\" >\n\t\t\t<img loading=\"lazy\" decoding=\"async\" width=\"235\" height=\"300\" src=\"https:\/\/nohu6666.com\/wp-content\/uploads\/2026\/01\/imgi_9_xo-so-rr99.webp\" class=\"attachment-original size-original\" alt=\"nohu666\" \/>\t\t\t\t\t\t\n\t\t\t\t\t<\/div>\n\t\t\t\t\t\t<\/a>\t\t\n<style>\n#image_425819202 {\n  width: 65%;\n}\n<\/style>\n\t<\/div>\n\t\n\t\t<\/div>\n\t\t\t\t\t<\/div>\n\n\t\n\n\t<div id=\"col-1849286429\" class=\"col medium-4 small-12 large-4\"  >\n\t\t\t\t<div class=\"col-inner text-center\"  >\n\t\t\t\n\t\t\t\n\t<div class=\"img has-hover x md-x lg-x y md-y lg-y\" id=\"image_1013490030\">\n\t\t<a class=\"\" href=\"https:\/\/nohu6666.com\/qc\/2\" target=\"_blank\" rel=\"noopener\">\t\t\t\t\t\t<div class=\"img-inner image-zoom dark\" >\n\t\t\t<img loading=\"lazy\" decoding=\"async\" width=\"235\" height=\"300\" src=\"https:\/\/nohu6666.com\/wp-content\/uploads\/2026\/01\/imgi_10_khuyen-mai-rr99.webp\" class=\"attachment-original size-original\" alt=\"nohu666\" \/>\t\t\t\t\t\t\n\t\t\t\t\t<\/div>\n\t\t\t\t\t\t<\/a>\t\t\n<style>\n#image_1013490030 {\n  width: 65%;\n}\n<\/style>\n\t<\/div>\n\t\n\t\t<\/div>\n\t\t\t\t\t<\/div>\n\n\t\n<\/div>\n\t\t<\/div>\n\t\t\t\t\t<\/div>\n\n\t\n<\/div>\n<div class=\"row\"  id=\"row-416667412\">\n\n\t<div id=\"col-1224614525\" class=\"col small-12 large-12\"  >\n\t\t\t\t<div class=\"col-inner\"  >\n\t\t\t\n\t\t\t\n\t<div id=\"text-31099014\" class=\"text\">\n\t\t\n<h3 data-start=\"4320\" data-end=\"4357\"><span style=\"font-family: verdana, geneva, sans-serif; color: #ff9900;\"><strong>D\u1ecbch v\u1ee5 h\u1ed7 tr\u1ee3 kh\u00e1ch h\u00e0ng 24\/7<\/strong><\/span><\/h3>\n<ul data-start=\"4359\" data-end=\"4591\">\n<li data-start=\"4359\" data-end=\"4440\">\n<p data-start=\"4361\" data-end=\"4440\"><span style=\"font-family: verdana, geneva, sans-serif;\">\u0110\u1ed9i ng\u0169 ch\u0103m s\u00f3c kh\u00e1ch h\u00e0ng \u0111\u01b0\u1ee3c \u0111\u00e0o t\u1ea1o chuy\u00ean nghi\u1ec7p, ph\u1ea3n h\u1ed3i nhanh ch\u00f3ng.<\/span><\/p>\n<\/li>\n<li data-start=\"4441\" data-end=\"4508\">\n<p data-start=\"4443\" data-end=\"4508\"><span style=\"font-family: verdana, geneva, sans-serif;\">H\u1ed7 tr\u1ee3 24\/7 qua nhi\u1ec1u k\u00eanh: live chat, hotline, Zalo, Telegram.<\/span><\/p>\n<\/li>\n<li data-start=\"4509\" data-end=\"4591\">\n<p data-start=\"4511\" data-end=\"4591\"><span style=\"font-family: verdana, geneva, sans-serif;\">C\u00f3 t\u00e0i li\u1ec7u h\u01b0\u1edbng d\u1eabn chi ti\u1ebft, d\u1ec5 ti\u1ebfp c\u1eadn cho c\u1ea3 t\u00e2n th\u1ee7 l\u1eabn th\u00e0nh vi\u00ean VIP.<\/span><\/p>\n<\/li>\n<\/ul>\n<h3 data-start=\"4598\" data-end=\"4629\"><span style=\"font-family: verdana, geneva, sans-serif; color: #ff9900;\"><strong>Giao d\u1ecbch si\u00eau t\u1ed1c ch\u1ec9 m\u1ea5t 1 \u2013 3 ph\u00fat<\/strong><\/span><\/h3>\n<ul data-start=\"4631\" data-end=\"4841\">\n<li data-start=\"4631\" data-end=\"4725\">\n<p data-start=\"4633\" data-end=\"4725\"><span style=\"font-family: verdana, geneva, sans-serif;\">\u0110a d\u1ea1ng ph\u01b0\u01a1ng th\u1ee9c thanh to\u00e1n: ng\u00e2n h\u00e0ng n\u1ed9i \u0111\u1ecba, v\u00ed \u0111i\u1ec7n t\u1eed (Momo, ZaloPay, ViettelPay).<\/span><\/p>\n<\/li>\n<li data-start=\"4726\" data-end=\"4779\">\n<p data-start=\"4728\" data-end=\"4779\"><span style=\"font-family: verdana, geneva, sans-serif;\">N\u1ea1p ti\u1ec1n ch\u1ec9 m\u1ea5t 1 ph\u00fat, r\u00fat ti\u1ec1n t\u1eeb 1\u20133 ph\u00fat.<\/span><\/p>\n<\/li>\n<li data-start=\"4780\" data-end=\"4841\">\n<p data-start=\"4782\" data-end=\"4841\"><span style=\"font-family: verdana, geneva, sans-serif;\">Quy tr\u00ecnh minh b\u1ea1ch, an to\u00e0n, kh\u00f4ng ph\u00e1t sinh chi ph\u00ed \u1ea9n.<\/span><\/p>\n<\/li>\n<\/ul>\n<h2 data-start=\"4848\" data-end=\"4859\"><span style=\"font-family: verdana, geneva, sans-serif; color: #ff9900;\"><strong>K\u1ebft lu\u1eadn<\/strong><\/span><\/h2>\n<p data-start=\"4861\" data-end=\"5244\"><span style=\"font-family: verdana, geneva, sans-serif;\">Qua b\u00e0i vi\u1ebft tr\u00ean v\u1ec1 nh\u00e0 c\u00e1i<b> NOHU6666<\/b>, c\u00f3 th\u1ec3 th\u1ea5y \u0111\u00e2y kh\u00f4ng ch\u1ec9 l\u00e0 m\u1ed9t th\u01b0\u01a1ng hi\u1ec7u gi\u1ea3i tr\u00ed tr\u1ef1c tuy\u1ebfn \u0111\u01a1n thu\u1ea7n m\u00e0 c\u00f2n l\u00e0 \u0111i\u1ec3m \u0111\u1ebfn l\u00fd t\u01b0\u1edfng cho nh\u1eefng ai mu\u1ed1n t\u00ecm ki\u1ebfm s\u1ef1 an to\u00e0n, minh b\u1ea1ch v\u00e0 d\u1ecbch v\u1ee5 chuy\u00ean nghi\u1ec7p. Tham gia <strong>NOHU666<\/strong> ch\u00ednh l\u00e0 c\u01a1 h\u1ed9i \u0111\u1ec3 b\u1ea1n kh\u00e1m ph\u00e1 m\u1ed9t th\u1ebf gi\u1edbi gi\u1ea3i tr\u00ed hi\u1ec7n \u0111\u1ea1i, h\u1ea5p d\u1eabn v\u00e0 \u0111\u00e1ng tin c\u1eady.<\/span><\/p>\n\t\t\n<style>\n#text-31099014 {\n  color: rgb(255,255,255);\n}\n#text-31099014 > * {\n  color: rgb(255,255,255);\n}\n<\/style>\n\t<\/div>\n\t\n\t\t<\/div>\n\t\t\t\t\t<\/div>\n\n\t\n<\/div>\n<div class=\"container section-title-container\" ><h2 class=\"section-title section-title-center\"><b><\/b><span class=\"section-title-main\" style=\"color:#ff9900;\">C\u1eadp Nh\u1eadt Khuy\u1ebfn M\u00e3i Hot<\/span><b><\/b><\/h2><\/div>\n<div class=\"row\"  id=\"row-9440799\">\n\n\t<div id=\"col-243220325\" class=\"col medium-6 small-12 large-6\"  >\n\t\t\t\t<div class=\"col-inner\"  >\n\t\t\t\n\t\t\t\n\t<div class=\"img has-hover x md-x lg-x y md-y lg-y\" id=\"image_1893351994\">\n\t\t<a class=\"\" href=\"https:\/\/nohu6666.com\/qc\/2\" target=\"_blank\" rel=\"noopener\">\t\t\t\t\t\t<div class=\"img-inner dark\" >\n\t\t\t<img loading=\"lazy\" decoding=\"async\" width=\"680\" height=\"300\" src=\"https:\/\/nohu6666.com\/wp-content\/uploads\/2026\/01\/nohu-trian.png\" class=\"attachment-original size-original\" alt=\"nohu666\" srcset=\"https:\/\/nohu6666.com\/wp-content\/uploads\/2026\/01\/nohu-trian.png 680w, https:\/\/nohu6666.com\/wp-content\/uploads\/2026\/01\/nohu-trian-300x132.png 300w\" sizes=\"auto, (max-width: 680px) 100vw, 680px\" \/>\t\t\t\t\t\t\n\t\t\t\t\t<\/div>\n\t\t\t\t\t\t<\/a>\t\t\n<style>\n#image_1893351994 {\n  width: 100%;\n}\n<\/style>\n\t<\/div>\n\t\n\t\t<\/div>\n\t\t\t\t\t<\/div>\n\n\t\n\n\t<div id=\"col-2078492162\" class=\"col medium-6 small-12 large-6\"  >\n\t\t\t\t<div class=\"col-inner\"  >\n\t\t\t\n\t\t\t\n\t<div class=\"img has-hover x md-x lg-x y md-y lg-y\" id=\"image_1981877684\">\n\t\t<a class=\"\" href=\"https:\/\/nohu6666.com\/qc\/2\" target=\"_blank\" rel=\"noopener\">\t\t\t\t\t\t<div class=\"img-inner dark\" >\n\t\t\t<img loading=\"lazy\" decoding=\"async\" width=\"680\" height=\"300\" src=\"https:\/\/nohu6666.com\/wp-content\/uploads\/2026\/01\/nohu-vqmm.png\" class=\"attachment-original size-original\" alt=\"\" srcset=\"https:\/\/nohu6666.com\/wp-content\/uploads\/2026\/01\/nohu-vqmm.png 680w, https:\/\/nohu6666.com\/wp-content\/uploads\/2026\/01\/nohu-vqmm-300x132.png 300w\" sizes=\"auto, (max-width: 680px) 100vw, 680px\" \/>\t\t\t\t\t\t\n\t\t\t\t\t<\/div>\n\t\t\t\t\t\t<\/a>\t\t\n<style>\n#image_1981877684 {\n  width: 100%;\n}\n<\/style>\n\t<\/div>\n\t\n\t\t<\/div>\n\t\t\t\t\t<\/div>\n\n\t\n<\/div>\n<div class=\"row\"  id=\"row-696224063\">\n\n\t<div id=\"col-1893547813\" class=\"col medium-6 small-12 large-6\"  >\n\t\t\t\t<div class=\"col-inner\"  >\n\t\t\t\n\t\t\t\n\t<div class=\"img has-hover x md-x lg-x y md-y lg-y\" id=\"image_601456762\">\n\t\t<a class=\"\" href=\"https:\/\/nohu6666.com\/qc\/2\" target=\"_blank\" rel=\"noopener\">\t\t\t\t\t\t<div class=\"img-inner dark\" >\n\t\t\t<img loading=\"lazy\" decoding=\"async\" width=\"680\" height=\"300\" src=\"https:\/\/nohu6666.com\/wp-content\/uploads\/2026\/01\/nohu-gt.png\" class=\"attachment-original size-original\" alt=\"\" srcset=\"https:\/\/nohu6666.com\/wp-content\/uploads\/2026\/01\/nohu-gt.png 680w, https:\/\/nohu6666.com\/wp-content\/uploads\/2026\/01\/nohu-gt-300x132.png 300w\" sizes=\"auto, (max-width: 680px) 100vw, 680px\" \/>\t\t\t\t\t\t\n\t\t\t\t\t<\/div>\n\t\t\t\t\t\t<\/a>\t\t\n<style>\n#image_601456762 {\n  width: 100%;\n}\n<\/style>\n\t<\/div>\n\t\n\t\t<\/div>\n\t\t\t\t\t<\/div>\n\n\t\n\n\t<div id=\"col-981260234\" class=\"col medium-6 small-12 large-6\"  >\n\t\t\t\t<div class=\"col-inner\"  >\n\t\t\t\n\t\t\t\n\t<div class=\"img has-hover x md-x lg-x y md-y lg-y\" id=\"image_1678760323\">\n\t\t<a class=\"\" href=\"https:\/\/nohu6666.com\/qc\/2\" target=\"_blank\" rel=\"noopener\">\t\t\t\t\t\t<div class=\"img-inner dark\" >\n\t\t\t<img loading=\"lazy\" decoding=\"async\" width=\"680\" height=\"300\" src=\"https:\/\/nohu6666.com\/wp-content\/uploads\/2026\/01\/nohu-thuong.png\" class=\"attachment-original size-original\" alt=\"nohu666\" srcset=\"https:\/\/nohu6666.com\/wp-content\/uploads\/2026\/01\/nohu-thuong.png 680w, https:\/\/nohu6666.com\/wp-content\/uploads\/2026\/01\/nohu-thuong-300x132.png 300w\" sizes=\"auto, (max-width: 680px) 100vw, 680px\" \/>\t\t\t\t\t\t\n\t\t\t\t\t<\/div>\n\t\t\t\t\t\t<\/a>\t\t\n<style>\n#image_1678760323 {\n  width: 100%;\n}\n<\/style>\n\t<\/div>\n\t\n\t\t<\/div>\n\t\t\t\t\t<\/div>\n\n\t\n<\/div>\n","protected":false},"excerpt":{"rendered":"","protected":false},"author":1,"featured_media":6,"parent":0,"menu_order":0,"comment_status":"closed","ping_status":"closed","template":"","meta":{"footnotes":""},"class_list":["post-27","page","type-page","status-publish","has-post-thumbnail","hentry"],"_links":{"self":[{"href":"https:\/\/nohu6666.com\/index.php?rest_route=\/wp\/v2\/pages\/27","targetHints":{"allow":["GET"]}}],"collection":[{"href":"https:\/\/nohu6666.com\/index.php?rest_route=\/wp\/v2\/pages"}],"about":[{"href":"https:\/\/nohu6666.com\/index.php?rest_route=\/wp\/v2\/types\/page"}],"author":[{"embeddable":true,"href":"https:\/\/nohu6666.com\/index.php?rest_route=\/wp\/v2\/users\/1"}],"replies":[{"embeddable":true,"href":"https:\/\/nohu6666.com\/index.php?rest_route=%2Fwp%2Fv2%2Fcomments&post=27"}],"version-history":[{"count":9,"href":"https:\/\/nohu6666.com\/index.php?rest_route=\/wp\/v2\/pages\/27\/revisions"}],"predecessor-version":[{"id":72,"href":"https:\/\/nohu6666.com\/index.php?rest_route=\/wp\/v2\/pages\/27\/revisions\/72"}],"wp:featuredmedia":[{"embeddable":true,"href":"https:\/\/nohu6666.com\/index.php?rest_route=\/wp\/v2\/media\/6"}],"wp:attachment":[{"href":"https:\/\/nohu6666.com\/index.php?rest_route=%2Fwp%2Fv2%2Fmedia&parent=27"}],"curies":[{"name":"wp","href":"https:\/\/api.w.org\/{rel}","templated":true}]}}